{"id":40,"date":"2018-08-08T08:30:29","date_gmt":"2018-08-08T08:30:29","guid":{"rendered":"http:\/\/www.strohballenbau.info\/?page_id=40"},"modified":"2025-02-12T15:56:45","modified_gmt":"2025-02-12T15:56:45","slug":"ueber-mich","status":"publish","type":"page","link":"https:\/\/www.strohballenbau.info\/en\/ueber-mich\/","title":{"rendered":"About"},"content":{"rendered":"<div class=\"_2cuy _3dgx _2vxa\">As one of the pioneers in straw bale construction, I founded the company Stroh&amp;Lehm in Austria over 20 years ago (<a href=\"https:\/\/l.facebook.com\/l.php?u=http%3A%2F%2Fwww.strohundlehm.at%2F&amp;h=AT2SbPJELG16Eu1rEC6II5tBGC8oA5HHRud4lDJ3btxBzSZsNL2fyDrfaZwwQVv0MOrudPIidhihbYOjg-Ety_ryca6awwSDQXfgZs1wXWuET8RNKnoKUQCQXHqiumolspaGDKb-6cI\" target=\"_blank\" rel=\"nofollow noopener\" data-lynx-mode=\"origin\">www.strohundlehm.at<\/a>), mich aber seit der \u00dcbergabe der Firma vor einigen Jahren auf den Bildungsbereich spezialisiert. Ich halte Vortr\u00e4ge, bin immer wieder als Gastdozent an verschiedenen Hochschulen (FH-Salzburg, Uni Linz, TU-Graz, ILEK-Stuttgart, TH-L\u00fcbeck) oder biete Strohbauworkshops f\u00fcr Bildungseinrichtungen aber auch von mir organisiert an. Dar\u00fcber hinaus begleite ich Bauherren, Architekten und ausf\u00fchrende Firmen (z.B. Zimmermeister &amp; Baumeister) in der Planungs- und Bauphase.<\/div>\n<div class=\"_2cuy _3dgx _2vxa\">Mittlerweile sind es \u00fcber 60 Strohprojekte, die ich \u00fcber die Jahre begleitet habe!<\/div>\n<div><\/div>\n<div class=\"_2cuy _3dgx _2vxa\">Virko Kade<\/div>\n<div>\n<hr \/>\n<\/div>\n<div>one straw revolution &#8211;<\/div>\n<div>The name comes from the book title of the first work (1978) of the Japanese microbiologist and farmer Masanobu Fukuoka. From his Taoist tradition, he asked himself in relation to agriculture what he could leave out (Wu Wei principle) and how he could work with the forces of nature instead of against them. This resulted in revolutionary approaches with no-till farming and incredible yields. Around the same time, the founder of permaculture Bill Mollison in Australia came up with similar approaches. It is always about sustainable forms of living and farming. How can I achieve maximum yield with minimum energy input without destroying the livelihood of future generations?<\/div>","protected":false},"excerpt":{"rendered":"<p>Als einer der Pioniere im Strohballenbau habe ich vor \u00fcber 20 Jahren in \u00d6sterreich die Firma Stroh&amp;Lehm gegr\u00fcndet (www.strohundlehm.at), mich aber seit der \u00dcbergabe der Firma vor einigen Jahren auf den Bildungsbereich spezialisiert. Ich halte Vortr\u00e4ge, bin immer wieder als Gastdozent an verschiedenen Hochschulen (FH-Salzburg, Uni Linz, TU-Graz, ILEK-Stuttgart, TH-L\u00fcbeck) oder biete Strohbauworkshops f\u00fcr Bildungseinrichtungen [&hellip;]<\/p>","protected":false},"author":1,"featured_media":0,"parent":0,"menu_order":0,"comment_status":"closed","ping_status":"closed","template":"","meta":{"footnotes":""},"_links":{"self":[{"href":"https:\/\/www.strohballenbau.info\/en\/wp-json\/wp\/v2\/pages\/40"}],"collection":[{"href":"https:\/\/www.strohballenbau.info\/en\/wp-json\/wp\/v2\/pages"}],"about":[{"href":"https:\/\/www.strohballenbau.info\/en\/wp-json\/wp\/v2\/types\/page"}],"author":[{"embeddable":true,"href":"https:\/\/www.strohballenbau.info\/en\/wp-json\/wp\/v2\/users\/1"}],"replies":[{"embeddable":true,"href":"https:\/\/www.strohballenbau.info\/en\/wp-json\/wp\/v2\/comments?post=40"}],"version-history":[{"count":12,"href":"https:\/\/www.strohballenbau.info\/en\/wp-json\/wp\/v2\/pages\/40\/revisions"}],"predecessor-version":[{"id":584,"href":"https:\/\/www.strohballenbau.info\/en\/wp-json\/wp\/v2\/pages\/40\/revisions\/584"}],"wp:attachment":[{"href":"https:\/\/www.strohballenbau.info\/en\/wp-json\/wp\/v2\/media?parent=40"}],"curies":[{"name":"wp","href":"https:\/\/api.w.org\/{rel}","templated":true}]}}