{"id":52,"date":"2018-08-08T09:00:58","date_gmt":"2018-08-08T09:00:58","guid":{"rendered":"http:\/\/www.strohballenbau.info\/?page_id=52"},"modified":"2024-07-11T08:42:30","modified_gmt":"2024-07-11T08:42:30","slug":"kontakt","status":"publish","type":"page","link":"https:\/\/www.strohballenbau.info\/en\/kontakt\/","title":{"rendered":"Contact"},"content":{"rendered":"<div>You want to build a straw bale house?<\/div>\n<div id=\"AppleMailSignature\">Then let us accompany you in the planning and construction phase with a lot of experience and know-how!<\/div>\n<div>Building owners, planners and contractors are welcome to contact me with their straw construction-related questions.<\/div>\n<div><\/div>\n<div><\/div>\n<div id=\"AppleMailSignature\">You would like to participate in a straw building workshop?<\/div>\n<div><\/div>\n<div><\/div>\n<div id=\"AppleMailSignature\">You would like to hire me for a lecture?<\/div>\n<div><\/div>\n<div><\/div>\n<div id=\"AppleMailSignature\">Then simply contact me via the following channels:<\/div>\n<p>Virko Kade<\/p>\n<p>Phone: 0043 676 7389538<\/p>\n<p>Mail: <a href=\"mailto:virko@strohballenbau.info\">virko@strohballenbau.info<\/a><\/p>\n<p>Web: <a href=\"http:\/\/www.strohballenbau.info\/en\/\">www.strohballenbau.info<\/a><\/p>\n<p>Facebook: <a href=\"https:\/\/www.facebook.com\">facebook\/strohballenbau<\/a><\/p>\n<p>Postanschrift: Altenmarkt 66 \u00a0 \u00a08333 Riegersburg \u00a0\u00a0Austria<\/p>","protected":false},"excerpt":{"rendered":"<p>Sie m\u00f6chten ein Strohballenhaus bauen? Dann lassen Sie sich in der Planungs- und Bauphase mit viel Erfahrung und Know-How begleiten! Bauherren, Planer und ausf\u00fchrende Firmen k\u00f6nnen sich gerne mit ihren strohbaurelevanten Fragen an mich wenden. Sie m\u00f6chten an einem Strohbau- Workshop teilnehmen? Sie m\u00f6chten mich f\u00fcr einen Vortrag engagieren? Dann kontaktieren Sie mich einfach \u00fcber [&hellip;]<\/p>","protected":false},"author":1,"featured_media":0,"parent":0,"menu_order":0,"comment_status":"closed","ping_status":"closed","template":"","meta":{"footnotes":""},"_links":{"self":[{"href":"https:\/\/www.strohballenbau.info\/en\/wp-json\/wp\/v2\/pages\/52"}],"collection":[{"href":"https:\/\/www.strohballenbau.info\/en\/wp-json\/wp\/v2\/pages"}],"about":[{"href":"https:\/\/www.strohballenbau.info\/en\/wp-json\/wp\/v2\/types\/page"}],"author":[{"embeddable":true,"href":"https:\/\/www.strohballenbau.info\/en\/wp-json\/wp\/v2\/users\/1"}],"replies":[{"embeddable":true,"href":"https:\/\/www.strohballenbau.info\/en\/wp-json\/wp\/v2\/comments?post=52"}],"version-history":[{"count":9,"href":"https:\/\/www.strohballenbau.info\/en\/wp-json\/wp\/v2\/pages\/52\/revisions"}],"predecessor-version":[{"id":537,"href":"https:\/\/www.strohballenbau.info\/en\/wp-json\/wp\/v2\/pages\/52\/revisions\/537"}],"wp:attachment":[{"href":"https:\/\/www.strohballenbau.info\/en\/wp-json\/wp\/v2\/media?parent=52"}],"curies":[{"name":"wp","href":"https:\/\/api.w.org\/{rel}","templated":true}]}}