{"id":73,"date":"2018-08-09T15:25:44","date_gmt":"2018-08-09T15:25:44","guid":{"rendered":"http:\/\/www.strohballenbau.info\/?page_id=73"},"modified":"2023-11-23T07:52:35","modified_gmt":"2023-11-23T07:52:35","slug":"rechtliches","status":"publish","type":"page","link":"https:\/\/www.strohballenbau.info\/en\/rechtliches\/","title":{"rendered":"GDPR"},"content":{"rendered":"<p><strong>Responsible for the content of this website:<\/strong><\/p>\n<p>Virko Kade<br \/>\nAltenmarkt 66<br \/>\n8333 Riegersburg<br \/>\nAustria<br \/>\nPhone: 0043 (0)676 7389538<br \/>\nE-Mail: virko.kade@icloud.com<\/p>\n<p>Jurisdiction: Feldbach<\/p>\n<p><strong>Legal notice about the website:<\/strong><\/p>\n<p>All texts, images and other information published here are subject to the copyright of the provider, unless copyrights of third parties exist. In any case, copying, distribution or public reproduction is permitted only in the case of a revocable and non-transferable consent of the provider.<\/p>\n<p>The provider assumes no responsibility for all web content connected by means of a cross-reference (link), as this is not the provider's own content. The linked pages were checked for illegal content; at the time of linking, no such content was identifiable. Responsibility for the content of the linked pages lies with their operators. The provider has no general obligation to monitor or check this. However, if an infringement becomes known, the corresponding link will be removed immediately.<\/p>\n<p><strong>Privacy:<\/strong><\/p>\n<p>A customer's personal data is only collected, processed or used without their further consent to the extent necessary for the establishment and execution of the contract and for billing purposes (inventory data). The inventory data required to establish and process the contractual relationship (name, address, telephone number, e-mail address, bank details and access IDs) are generally collected in the order forms. Upon request, the website operator will provide the user with written information about the personal data stored about him\/her free of charge and without delay.<br \/>\nSoweit die Erhebung, Verarbeitung und Speicherung von Nutzungsdaten des Kunden f\u00fcr Abrechnungszwecke erforderlich sind, werden diese maximal f\u00fcr die Dauer von sechs Monaten ab Rechnungsversand gespeichert, es sei denn, der Kunde erhebt Einwendungen gegen die Rechnung oder befindet sich mit der Zahlung in Verzug. Davon abweichende gesetzliche Aufbewahrungsfristen bleiben unber\u00fchrt.<br \/>\nInsofar as the collection, processing and storage of the customer's usage data is required for billing purposes, this data shall be stored for a maximum period of six months from the date the invoice is sent, unless the customer objects to the invoice or is in default of payment. Any statutory retention periods deviating from this remain unaffected.  \nThe website operator points out that the transmission of certain personal data (usually name and address) to the relevant national and international registries (NICs) and publication in the Whois databases, which can be accessed by anyone, is required for domain registration. The website operator is entitled to pass on the necessary data to the relevant registrar as part of the fulfillment of its contractual obligations arising from such domain registration contracts.<br \/>\nIn accordance with the applicable legal provisions, the website operator is entitled to provide information to law enforcement authorities and courts for the purposes of criminal prosecution. The data will not be passed on to third parties, in particular for advertising purposes.<br \/>\nWhen initiating, concluding, processing and reversing a purchase contract, we collect, store and process data in accordance with the statutory provisions.<br \/>\nWhen you visit our website, the IP address currently used by your PC, the date and time, the browser type and operating system of your PC and the pages you view are logged. However, this does not allow us to draw any conclusions about personal data and is not intended to do so.<br \/>\nThe personal data that you provide to us, e.g. when placing an order or by e-mail (e.g. your name and contact details), will only be processed for correspondence with you and only for the purpose for which you have provided us with the data. We only pass on your data to the shipping company commissioned with the delivery, insofar as this is necessary for the delivery of the goods. For the processing of payments, we pass on your payment data to the credit institution commissioned with the payment.<br \/>\nWe assure you that we will not pass on your personal data to third parties unless we are legally obliged to do so or you have given your express prior consent. Insofar as we make use of the services of third parties for the execution and handling of processing procedures, the provisions of the Austrian Data Protection Act will be complied with.<\/p>\n<p><strong>Duration of storage:<\/strong><\/p>\n<p>Personenbezogene Daten, die uns \u00fcber unsere Website mitgeteilt worden sind, werden nur so lange gespeichert, bis der Zweck erf\u00fcllt ist, zu dem sie uns anvertraut wurden. Soweit handels- und steuerrechtliche Aufbewahrungsfristen zu beachten sind, kann die Dauer der Speicherung bestimmter Daten bis zu 7 Jahre betragen.<\/p>\n<p><strong>Your rights:<\/strong><\/p>\n<p>If you no longer agree to the storage of your personal data or if this data has become incorrect, we will arrange for the deletion, correction or blocking of your data within the framework of the legal provisions on the basis of a corresponding instruction. Upon request, we will provide you with information free of charge about all personal data that we have stored about you. If you have any questions about the collection, processing or use of your personal data, for information, correction, blocking or deletion of data, please contact: \u00a0<a href=\"mailto:virko.kade@icloud.com\">virko.kade@icloud.com<\/a><\/p>\n<p><strong>**\"Information on online dispute resolution: In 2016, the EU Commission made available an internet platform for the online settlement of disputes (so-called \"ODR platform\"). The ODR platform is intended to serve as a contact point for the out-of-court settlement of disputes concerning contractual obligations arising from online purchase contracts. The ODR platform can be accessed at the following link:\u00a0<a href=\"http:\/\/ec.europa.eu\/consumers\/odr\/\" target=\"_blank\" rel=\"noopener\">http:\/\/ec.europa.eu\/consumers\/odr<\/a>&#8222;<\/strong><\/p>","protected":false},"excerpt":{"rendered":"<p>Verantwortlich f\u00fcr den\u00a0Inhalt dieser Website: Virko Kade Altenmarkt 66 8333 Riegersburg Austria Telefon: 0043 (0)676 7389538 E-Mail: virko.kade@icloud.com Gerichtsstand: Feldbach Rechtliche Hinweise zur Webseite: Alle Texte, Bilder und weiter hier ver\u00f6ffentlichten Informationen unterliegen dem Urheberrecht des Anbieters, soweit nicht Urheberrechte Dritter bestehen. In jedem Fall ist eine Vervielf\u00e4ltigung, Verbreitung oder \u00f6ffentliche Wiedergabe ausschlie\u00dflich im Falle [&hellip;]<\/p>","protected":false},"author":1,"featured_media":0,"parent":0,"menu_order":5,"comment_status":"closed","ping_status":"closed","template":"","meta":{"footnotes":""},"_links":{"self":[{"href":"https:\/\/www.strohballenbau.info\/en\/wp-json\/wp\/v2\/pages\/73"}],"collection":[{"href":"https:\/\/www.strohballenbau.info\/en\/wp-json\/wp\/v2\/pages"}],"about":[{"href":"https:\/\/www.strohballenbau.info\/en\/wp-json\/wp\/v2\/types\/page"}],"author":[{"embeddable":true,"href":"https:\/\/www.strohballenbau.info\/en\/wp-json\/wp\/v2\/users\/1"}],"replies":[{"embeddable":true,"href":"https:\/\/www.strohballenbau.info\/en\/wp-json\/wp\/v2\/comments?post=73"}],"version-history":[{"count":9,"href":"https:\/\/www.strohballenbau.info\/en\/wp-json\/wp\/v2\/pages\/73\/revisions"}],"predecessor-version":[{"id":531,"href":"https:\/\/www.strohballenbau.info\/en\/wp-json\/wp\/v2\/pages\/73\/revisions\/531"}],"wp:attachment":[{"href":"https:\/\/www.strohballenbau.info\/en\/wp-json\/wp\/v2\/media?parent=73"}],"curies":[{"name":"wp","href":"https:\/\/api.w.org\/{rel}","templated":true}]}}